{"id":203,"date":"2015-11-25T13:04:59","date_gmt":"2015-11-25T13:04:59","guid":{"rendered":"http:\/\/www.estudiotrevisan.com\/sitio\/about-us-2\/"},"modified":"2026-04-17T12:48:16","modified_gmt":"2026-04-17T12:48:16","slug":"el-estudio","status":"publish","type":"page","link":"https:\/\/www.estudiotrevisan.com\/sitio\/el-estudio\/","title":{"rendered":"El Estudio"},"content":{"rendered":"<section class=\"wpb-content-wrapper\"><p>[vc_row header_feature=\u00bbyes\u00bb padding_top=\u00bb120&#8243; margin_bottom=\u00bb50&#8243;][vc_column width=\u00bb1\/2&#8243;][vc_column_text animation=\u00bbfadeInLeft\u00bb]<\/p>\n<h3 class=\"itemTitle\">Perfil del Estudio<\/h3>\n<p><span style=\"text-align: justify;\">Cubrimos las m\u00e1s diversas \u00e1reas del Derecho, con especial hincapi\u00e9 en las ramas relacionadas con el derecho empresario y las cuestiones litigiosas complejas.<\/span><\/p>\n<p><span style=\"text-align: justify;\">Asimismo, aquellos aspectos de la pr\u00e1ctica legal que requieren un an\u00e1lisis muy espec\u00edfico en diversas especializaciones, son tambi\u00e9n parte del asesoramiento que presta el Estudio Trevis\u00e1n con intervenci\u00f3n de profesionales especializados o estudios asociados que posibilitan prestar as\u00ed un servicio integral e individualizado en pr\u00e1cticamente todas las \u00e1reas del Derecho.<\/span><\/p>\n<p><span style=\"text-align: justify;\">Nos desenvolvemos con rapidez, eficiencia y con una estrecha comunicaci\u00f3n con nuestros clientes, con el claro prop\u00f3sito de brindar una respuesta profesional de calidad desde una visi\u00f3n integradora de la realidad jur\u00eddica y la comprensi\u00f3n del negocio.<\/span>[\/vc_column_text][\/vc_column][vc_column width=\u00bb1\/2&#8243;][vc_column_text animation=\u00bbfadeInLeft\u00bb]Este esp\u00edritu conjugado con una adecuada pol\u00edtica de costos competitivos, le permiten al Estudio Trevis\u00e1n brindar asesoramiento en diversas \u00e1reas e industrias, tanto a empresas como a clientes individuales. Es as\u00ed que contamos tambi\u00e9n con el privilegio de representar legalmente en el pa\u00eds a empresas y personas del exterior y de participar en varios directorios o sindicaturas como forma de mayor integraci\u00f3n hacia nuestros clientes.<\/p>\n<p>Muchos de estos clientes nos acompa\u00f1an con renovada confianza desde hace varias d\u00e9cadas.<\/p>\n<p>La realidad actual encuentra al Estudio Trevis\u00e1n en plena actividad y s\u00f3lido crecimiento a\u00fan en la cambiante realidad de nuestro pa\u00eds, brindando su asesoramiento a trav\u00e9s de un elenco de profesionales que combinan valores, experiencia, capacitaci\u00f3n, idioma y continuidad en la prestaci\u00f3n de servicios profesionales.[\/vc_column_text][\/vc_column][vc_column]<div class=\"eut-element eut-image eut-align-center\" style=\"\"><img loading=\"lazy\" decoding=\"async\" width=\"1000\" height=\"150\" src=\"https:\/\/www.estudiotrevisan.com\/sitio\/wp-content\/uploads\/2026\/02\/marcas_trevisan.jpg\" class=\"attachment-full size-full\" alt=\"\" srcset=\"https:\/\/www.estudiotrevisan.com\/sitio\/wp-content\/uploads\/2026\/02\/marcas_trevisan.jpg 1000w, https:\/\/www.estudiotrevisan.com\/sitio\/wp-content\/uploads\/2026\/02\/marcas_trevisan-300x45.jpg 300w, https:\/\/www.estudiotrevisan.com\/sitio\/wp-content\/uploads\/2026\/02\/marcas_trevisan-768x115.jpg 768w\" sizes=\"auto, (max-width: 1000px) 100vw, 1000px\" \/><\/div>[\/vc_column][\/vc_row][vc_row][vc_column][vc_empty_space height=\u00bb60px\u00bb][\/vc_column][\/vc_row]<\/p>\n<\/section>","protected":false},"excerpt":{"rendered":"<p>[vc_row header_feature=\u00bbyes\u00bb padding_top=\u00bb120&#8243; margin_bottom=\u00bb50&#8243;][vc_column width=\u00bb1\/2&#8243;][vc_column_text animation=\u00bbfadeInLeft\u00bb] Perfil del Estudio Cubrimos las m\u00e1s diversas \u00e1reas del Derecho, con especial hincapi\u00e9 en las ramas relacionadas con el derecho empresario y las cuestiones litigiosas complejas. Asimismo, aquellos aspectos de la pr\u00e1ctica legal que requieren un an\u00e1lisis muy espec\u00edfico en diversas especializaciones, son tambi\u00e9n parte del asesoramiento que presta [&hellip;]<\/p>\n","protected":false},"author":1,"featured_media":0,"parent":0,"menu_order":0,"comment_status":"closed","ping_status":"closed","template":"","meta":{"footnotes":""},"class_list":["post-203","page","type-page","status-publish","hentry"],"_links":{"self":[{"href":"https:\/\/www.estudiotrevisan.com\/sitio\/wp-json\/wp\/v2\/pages\/203","targetHints":{"allow":["GET"]}}],"collection":[{"href":"https:\/\/www.estudiotrevisan.com\/sitio\/wp-json\/wp\/v2\/pages"}],"about":[{"href":"https:\/\/www.estudiotrevisan.com\/sitio\/wp-json\/wp\/v2\/types\/page"}],"author":[{"embeddable":true,"href":"https:\/\/www.estudiotrevisan.com\/sitio\/wp-json\/wp\/v2\/users\/1"}],"replies":[{"embeddable":true,"href":"https:\/\/www.estudiotrevisan.com\/sitio\/wp-json\/wp\/v2\/comments?post=203"}],"version-history":[{"count":73,"href":"https:\/\/www.estudiotrevisan.com\/sitio\/wp-json\/wp\/v2\/pages\/203\/revisions"}],"predecessor-version":[{"id":2874,"href":"https:\/\/www.estudiotrevisan.com\/sitio\/wp-json\/wp\/v2\/pages\/203\/revisions\/2874"}],"wp:attachment":[{"href":"https:\/\/www.estudiotrevisan.com\/sitio\/wp-json\/wp\/v2\/media?parent=203"}],"curies":[{"name":"wp","href":"https:\/\/api.w.org\/{rel}","templated":true}]}}