{"id":2286,"date":"2016-01-03T23:25:57","date_gmt":"2016-01-03T23:25:57","guid":{"rendered":"http:\/\/www.estudiotrevisan.com\/sitio\/home-classic\/"},"modified":"2026-04-17T11:15:58","modified_gmt":"2026-04-17T11:15:58","slug":"inicio","status":"publish","type":"page","link":"https:\/\/www.estudiotrevisan.com\/sitio\/","title":{"rendered":"Inicio"},"content":{"rendered":"<section class=\"wpb-content-wrapper\"><p>[vc_row bg_type=\u00bbcolor\u00bb header_feature=\u00bbyes\u00bb padding_top=\u00bb120&#8243; padding_bottom=\u00bb120&#8243; margin_bottom=\u00bb0&#8243; bg_color=\u00bb#f7f7f7&#8243;][vc_column]<div class=\"eut-element eut-slogan eut-align-center eut-animated-item eut-fadeInUp\" style=\"\" data-delay=\"200\"><h3 class=\"eut-slogan-title eut-align-center eut-title-line\"><span>Sobre Nosotros<\/span><\/h3>  <p class=\"\">El Estudio Trevis\u00e1n se fund\u00f3 en 1922. Abarcamos las m\u00e1s diversas \u00e1reas de pr\u00e1ctica legal, con especial atenci\u00f3n a las distintas ramas del derecho societario y a los procedimientos complejos de resoluci\u00f3n de disputas. Nos movemos con rapidez, eficiencia y una estrecha comunicaci\u00f3n con nuestros clientes, buscando brindar una respuesta profesional de calidad desde una perspectiva integral, tanto de las circunstancias legales como de la realidad empresarial.<\/p><\/div>[vc_empty_space height=\u00bb50&#8243;][\/vc_column][vc_column css=\u00bb.vc_custom_1770401211354{background-color: #ffffff !important;}\u00bb][vc_empty_space height=\u00bb40&#8243;]<div class=\"eut-element eut-slogan eut-align-center eut-animated-item eut-fadeInUp\" style=\"\" data-delay=\"200\"><h3 class=\"eut-slogan-title eut-align-center eut-title-line\"><span>Nuestras \u00e1reas de pr\u00e1ctica<\/span><\/h3><\/div>[\/vc_column][vc_column css=\u00bb.vc_custom_1770401559376{background-color: #ffffff !important;}\u00bb][vc_empty_space height=\u00bb40px\u00bb][vc_row_inner][vc_column_inner width=\u00bb1\/4&#8243;][caw_interacive_banner style=\u00bb2&#8243; heading=\u00bbServicios legales integrales en derecho corporativo, financiero y administrativo\u00bb image_id=\u00bb2845&#8243; heading_font_size=\u00bb16px\u00bb][\/caw_interacive_banner][\/vc_column_inner][vc_column_inner width=\u00bb1\/4&#8243;][caw_interacive_banner style=\u00bb2&#8243; heading=\u00bbAsesoramiento en competencia, regulaci\u00f3n y procesos judiciales\u00bb image_id=\u00bb2846&#8243; heading_font_size=\u00bb16px\u00bb][\/caw_interacive_banner][\/vc_column_inner][vc_column_inner width=\u00bb1\/4&#8243;][caw_interacive_banner style=\u00bb2&#8243; heading=\u00bbLitigios y resoluci\u00f3n de conflictos civiles y laborales\u00bb image_id=\u00bb2847&#8243; heading_font_size=\u00bb16px\u00bb][\/caw_interacive_banner][\/vc_column_inner][vc_column_inner width=\u00bb1\/4&#8243;][caw_interacive_banner style=\u00bb2&#8243; heading=\u00bbServicios legales en derecho sanitario y regulaci\u00f3n\u00bb image_id=\u00bb2841&#8243; heading_font_size=\u00bb16px\u00bb][\/caw_interacive_banner][\/vc_column_inner][\/vc_row_inner][vc_empty_space height=\u00bb40px\u00bb]<div class=\"eut-element eut-align-center\"><a class=\"eut-btn eut-btn-medium eut-square eut-bg-primary-1 eut-btn-line\" href=\"https:\/\/www.estudiotrevisan.com\/sitio\/areas-de-practica\/\" target=\"_self\" style=\"\"><span>Ver m\u00e1s<\/span><\/a><\/div>[vc_empty_space][\/vc_column][\/vc_row][vc_row heading_color=\u00bblight\u00bb bg_type=\u00bbimage\u00bb bg_image=\u00bb2833&#8243; bg_image_type=\u00bbparallax\u00bb opacity_overlay=\u00bb50&#8243; font_color=\u00bb#ffffff\u00bb padding_top=\u00bb150&#8243; padding_bottom=\u00bb150&#8243; margin_bottom=\u00bb0&#8243;][vc_column css=\u00bb.vc_custom_1450666486729{padding-right: 12% !important;padding-left: 12% !important;}\u00bb][vc_empty_space height=\u00bb300px\u00bb][\/vc_column][\/vc_row][vc_row section_type=\u00bbfullwidth-element\u00bb margin_bottom=\u00bb0&#8243;][vc_column]<div class=\"eut-element eut-hr \" style=\"\"><div class=\"eut-line-divider\"><\/div><\/div>[\/vc_column][\/vc_row][vc_row footer_feature=\u00bbyes\u00bb padding_top=\u00bb120&#8243; padding_bottom=\u00bb120&#8243; margin_bottom=\u00bb0&#8243;][vc_column]<div class=\"eut-element eut-slogan eut-align-center\" style=\"\"><h3 class=\"eut-slogan-title eut-align-center eut-title-line\"><span>Publicaciones<\/span><\/h3><\/div>[\/vc_column][vc_column][vc_empty_space height=\u00bb60&#8243;][\/vc_column][\/vc_row][vc_row][vc_column]\t\t<div class=\"eut-element eut-blog eut-blog-grid eut-isotope eut-with-gap eut-without-shadow\" style=\"\" data-columns=\"4\" data-columns-tablet-landscape=\"2\" data-columns-tablet-portrait=\"2\" data-columns-mobile=\"1\" data-layout=\"fitRows\" data-spinner=\"no\">\r\n\t\t\t<div class=\"eut-isotope-container\">\r\n\t\t\t<article id=\"post-1957\" class=\"eut-blog-item eut-isotope-item post-1957 post type-post status-publish format-standard hentry category-derecho-de-proteccion-al-consumidor category-es-ar tag-consumidor tag-coprec\" itemscope itemType=\"http:\/\/schema.org\/BlogPosting\">\r\n\t\t\t\t<div class=\"eut-isotope-item-inner eut-fadeInUp\">\t\t\t\t\t\t\t<span class=\"eut-hidden\">\n\t\t\t<span class=\"eut-structured-data entry-title\">Eliminaci\u00f3n del COPREC y el Nuevo Esquema de Reclamos en Defensa del Consumidor<\/span>\n\t\t\t<span class=\"eut-structured-data\" itemprop=\"image\" itemscope itemtype=\"http:\/\/schema.org\/ImageObject\">\n\t\t\t   <span itemprop='url' >https:\/\/www.estudiotrevisan.com\/sitio\/wp-content\/themes\/engic\/engic\/images\/empty\/thumbnail.jpg<\/span>\n\t\t\t   <span itemprop='height' >150<\/span>\n\t\t\t   <span itemprop='width' >150<\/span>\n\t\t\t<\/span>\n\t\t\t\t\t\t<span class=\"eut-structured-data vcard author\" itemprop=\"author\" itemscope itemtype=\"http:\/\/schema.org\/Person\">\n\t\t\t\t<span itemprop=\"name\" class=\"fn\">Estudio Trevisan<\/span>\n\t\t\t<\/span>\n\t\t\t<span class=\"eut-structured-data\" itemprop=\"publisher\" itemscope itemtype=\"http:\/\/schema.org\/Organization\">\n\t\t\t\t<span itemprop='name'>Estudio Trevisan<\/span>\n\t\t\t\t<span itemprop='logo' itemscope itemtype='http:\/\/schema.org\/ImageObject'>\n\t\t\t\t\t<span itemprop='url'>https:\/\/secure.gravatar.com\/avatar\/f4277cfabf8c6f78ac1fd6b029d825cf852a56e02d26ad195e8a6751d892301b?s=96&#038;d=mm&#038;r=g<\/span>\n\t\t\t\t<\/span>\n\t\t\t<\/span>\n\t\t\t\t\t\t<time class=\"eut-structured-data date published\" itemprop=\"datePublished\" datetime=\"2025-02-03T14:24:40+00:00\">febrero 3, 2025<\/time>\n\t\t\t<time class=\"eut-structured-data date updated\" itemprop=\"dateModified\"  datetime=\"2025-02-03T14:24:40+00:00\">febrero 3, 2025<\/time>\n\t\t\t<span class=\"eut-structured-data\" itemprop=\"mainEntityOfPage\" itemscope itemtype=\"http:\/\/schema.org\/WebPage\" itemid=\"https:\/\/www.estudiotrevisan.com\/sitio\/es-ar\/eliminacion-del-coprec-y-el-nuevo-esquema-de-reclamos-en-defensa-del-consumidor\/\"><\/span>\n\t\t<\/span>\n\t\t\t\t\t\t\r\n\t\t\t\t\t\t\t\t\t\t\t<div class=\"eut-post-content\">\r\n\t\t\t\t\t\t\t<a href=\"https:\/\/www.estudiotrevisan.com\/sitio\/es-ar\/eliminacion-del-coprec-y-el-nuevo-esquema-de-reclamos-en-defensa-del-consumidor\/\" rel=\"bookmark\"><h4 class=\"eut-post-title\" itemprop=\"headline\"><span>Eliminaci\u00f3n del COPREC y el Nuevo Esquema de Reclamos en Defensa del Consumidor<\/span><\/h4><\/a>\t\t\t\t\t\t\t<div class=\"eut-small-text eut-post-meta\">\r\n\t\t\t\t\t\t\t\t\t\t<div class=\"eut-post-author eut-color-text eut-color-hover-heading\">\r\n\t\t\t<span><a href=\"https:\/\/www.estudiotrevisan.com\/sitio\/author\/estudio-trevisan\/\" title=\"Entradas de Estudio Trevisan\" rel=\"author\">Estudio Trevisan<\/a><\/span>\r\n\t\t<\/div>\r\n\t\t\t\t\t\t\t\t\t<time class=\"eut-post-date\" datetime=\"2025-02-03T14:24:40+00:00\">febrero 3, 2025<\/time>\r\n\t\t\t\t\t\t\t\t\t\t\t\t\t\t\t<\/div>\r\n\t\t\t\t\t\t\t<div itemprop=\"articleBody\"><p>El 31 de enero de 2025, el Poder Ejecutivo dict\u00f3 el Dec. 55\/25, mediante el cual se dispuso la disoluci\u00f3n del Servicio de Conciliaci\u00f3n Previa en las Relaciones de Consumo (COPREC), del Registro Nacional de Conciliadores en las Relaciones de Consumo y del Fondo de Financiamiento del COPREC. <\/p>\n<a class=\"eut-read-more\" href=\"https:\/\/www.estudiotrevisan.com\/sitio\/es-ar\/eliminacion-del-coprec-y-el-nuevo-esquema-de-reclamos-en-defensa-del-consumidor\/\"><span>leer m\u00e1s<\/span><\/a><\/div>\t\t\t\t\t\t<\/div>\r\n\t\t\t\t\t\r\n\t\t\t\t<\/div>\t\t\t<\/article>\r\n\r\n\t\t\t<article id=\"post-2552\" class=\"eut-blog-item eut-isotope-item post-2552 post type-post status-publish format-standard hentry category-derecho-de-la-competencia category-derecho-comercial category-es-ar category-mercado-de-capitales tag-argentina tag-grandes-inversiones tag-rigi\" itemscope itemType=\"http:\/\/schema.org\/BlogPosting\">\r\n\t\t\t\t<div class=\"eut-isotope-item-inner eut-fadeInUp\">\t\t\t\t\t\t\t<span class=\"eut-hidden\">\n\t\t\t<span class=\"eut-structured-data entry-title\">R\u00e9gimen de Incentivo para Grandes Inversiones (RIGI)<\/span>\n\t\t\t<span class=\"eut-structured-data\" itemprop=\"image\" itemscope itemtype=\"http:\/\/schema.org\/ImageObject\">\n\t\t\t   <span itemprop='url' >https:\/\/www.estudiotrevisan.com\/sitio\/wp-content\/themes\/engic\/engic\/images\/empty\/thumbnail.jpg<\/span>\n\t\t\t   <span itemprop='height' >150<\/span>\n\t\t\t   <span itemprop='width' >150<\/span>\n\t\t\t<\/span>\n\t\t\t\t\t\t<span class=\"eut-structured-data vcard author\" itemprop=\"author\" itemscope itemtype=\"http:\/\/schema.org\/Person\">\n\t\t\t\t<span itemprop=\"name\" class=\"fn\">Estudio Trevisan<\/span>\n\t\t\t<\/span>\n\t\t\t<span class=\"eut-structured-data\" itemprop=\"publisher\" itemscope itemtype=\"http:\/\/schema.org\/Organization\">\n\t\t\t\t<span itemprop='name'>Estudio Trevisan<\/span>\n\t\t\t\t<span itemprop='logo' itemscope itemtype='http:\/\/schema.org\/ImageObject'>\n\t\t\t\t\t<span itemprop='url'>https:\/\/secure.gravatar.com\/avatar\/f4277cfabf8c6f78ac1fd6b029d825cf852a56e02d26ad195e8a6751d892301b?s=96&#038;d=mm&#038;r=g<\/span>\n\t\t\t\t<\/span>\n\t\t\t<\/span>\n\t\t\t\t\t\t<time class=\"eut-structured-data date published\" itemprop=\"datePublished\" datetime=\"2024-09-01T08:37:57+00:00\">septiembre 1, 2024<\/time>\n\t\t\t<time class=\"eut-structured-data date updated\" itemprop=\"dateModified\"  datetime=\"2024-09-01T08:37:57+00:00\">septiembre 1, 2024<\/time>\n\t\t\t<span class=\"eut-structured-data\" itemprop=\"mainEntityOfPage\" itemscope itemtype=\"http:\/\/schema.org\/WebPage\" itemid=\"https:\/\/www.estudiotrevisan.com\/sitio\/derecho-de-la-competencia\/regimen-de-incentivo-para-grandes-inversiones-rigi\/\"><\/span>\n\t\t<\/span>\n\t\t\t\t\t\t\r\n\t\t\t\t\t\t\t\t\t\t\t<div class=\"eut-post-content\">\r\n\t\t\t\t\t\t\t<a href=\"https:\/\/www.estudiotrevisan.com\/sitio\/derecho-de-la-competencia\/regimen-de-incentivo-para-grandes-inversiones-rigi\/\" rel=\"bookmark\"><h4 class=\"eut-post-title\" itemprop=\"headline\"><span>R\u00e9gimen de Incentivo para Grandes Inversiones (RIGI)<\/span><\/h4><\/a>\t\t\t\t\t\t\t<div class=\"eut-small-text eut-post-meta\">\r\n\t\t\t\t\t\t\t\t\t\t<div class=\"eut-post-author eut-color-text eut-color-hover-heading\">\r\n\t\t\t<span><a href=\"https:\/\/www.estudiotrevisan.com\/sitio\/author\/estudio-trevisan\/\" title=\"Entradas de Estudio Trevisan\" rel=\"author\">Estudio Trevisan<\/a><\/span>\r\n\t\t<\/div>\r\n\t\t\t\t\t\t\t\t\t<time class=\"eut-post-date\" datetime=\"2024-09-01T08:37:57+00:00\">septiembre 1, 2024<\/time>\r\n\t\t\t\t\t\t\t\t\t\t\t\t\t\t\t<\/div>\r\n\t\t\t\t\t\t\t<div itemprop=\"articleBody\"><p>La Ley N\u00ba 27.742 dise\u00f1\u00f3 un esquema integral para fomentar inversi\u00f3n significativa, tanto nacional como extranjera, en la Rep\u00fablica Argentina. A continuaci\u00f3n, se detallan los aspectos m\u00e1s relevantes de esta normativa y los requisitos para la inscripci\u00f3n de Sucursales Dedicadas, la cual entr\u00f3 en vigencia el 5 de septiembre de 2024.<\/p>\n<a class=\"eut-read-more\" href=\"https:\/\/www.estudiotrevisan.com\/sitio\/derecho-de-la-competencia\/regimen-de-incentivo-para-grandes-inversiones-rigi\/\"><span>leer m\u00e1s<\/span><\/a><\/div>\t\t\t\t\t\t<\/div>\r\n\t\t\t\t\t\r\n\t\t\t\t<\/div>\t\t\t<\/article>\r\n\r\n\t\t\t<article id=\"post-1936\" class=\"eut-blog-item eut-isotope-item post-1936 post type-post status-publish format-standard hentry category-derecho-societario category-es-ar tag-igj tag-societario\" itemscope itemType=\"http:\/\/schema.org\/BlogPosting\">\r\n\t\t\t\t<div class=\"eut-isotope-item-inner eut-fadeInUp\">\t\t\t\t\t\t\t<span class=\"eut-hidden\">\n\t\t\t<span class=\"eut-structured-data entry-title\">Derecho Societario: Cambios en el Marco Normativo<\/span>\n\t\t\t<span class=\"eut-structured-data\" itemprop=\"image\" itemscope itemtype=\"http:\/\/schema.org\/ImageObject\">\n\t\t\t   <span itemprop='url' >https:\/\/www.estudiotrevisan.com\/sitio\/wp-content\/themes\/engic\/engic\/images\/empty\/thumbnail.jpg<\/span>\n\t\t\t   <span itemprop='height' >150<\/span>\n\t\t\t   <span itemprop='width' >150<\/span>\n\t\t\t<\/span>\n\t\t\t\t\t\t<span class=\"eut-structured-data vcard author\" itemprop=\"author\" itemscope itemtype=\"http:\/\/schema.org\/Person\">\n\t\t\t\t<span itemprop=\"name\" class=\"fn\">Estudio Trevisan<\/span>\n\t\t\t<\/span>\n\t\t\t<span class=\"eut-structured-data\" itemprop=\"publisher\" itemscope itemtype=\"http:\/\/schema.org\/Organization\">\n\t\t\t\t<span itemprop='name'>Estudio Trevisan<\/span>\n\t\t\t\t<span itemprop='logo' itemscope itemtype='http:\/\/schema.org\/ImageObject'>\n\t\t\t\t\t<span itemprop='url'>https:\/\/secure.gravatar.com\/avatar\/f4277cfabf8c6f78ac1fd6b029d825cf852a56e02d26ad195e8a6751d892301b?s=96&#038;d=mm&#038;r=g<\/span>\n\t\t\t\t<\/span>\n\t\t\t<\/span>\n\t\t\t\t\t\t<time class=\"eut-structured-data date published\" itemprop=\"datePublished\" datetime=\"2024-04-05T18:13:26+00:00\">abril 5, 2024<\/time>\n\t\t\t<time class=\"eut-structured-data date updated\" itemprop=\"dateModified\"  datetime=\"2024-04-05T18:13:26+00:00\">abril 5, 2024<\/time>\n\t\t\t<span class=\"eut-structured-data\" itemprop=\"mainEntityOfPage\" itemscope itemtype=\"http:\/\/schema.org\/WebPage\" itemid=\"https:\/\/www.estudiotrevisan.com\/sitio\/es-ar\/derecho-societario-cambios-en-el-marco-normativo\/\"><\/span>\n\t\t<\/span>\n\t\t\t\t\t\t\r\n\t\t\t\t\t\t\t\t\t\t\t<div class=\"eut-post-content\">\r\n\t\t\t\t\t\t\t<a href=\"https:\/\/www.estudiotrevisan.com\/sitio\/es-ar\/derecho-societario-cambios-en-el-marco-normativo\/\" rel=\"bookmark\"><h4 class=\"eut-post-title\" itemprop=\"headline\"><span>Derecho Societario: Cambios en el Marco Normativo<\/span><\/h4><\/a>\t\t\t\t\t\t\t<div class=\"eut-small-text eut-post-meta\">\r\n\t\t\t\t\t\t\t\t\t\t<div class=\"eut-post-author eut-color-text eut-color-hover-heading\">\r\n\t\t\t<span><a href=\"https:\/\/www.estudiotrevisan.com\/sitio\/author\/estudio-trevisan\/\" title=\"Entradas de Estudio Trevisan\" rel=\"author\">Estudio Trevisan<\/a><\/span>\r\n\t\t<\/div>\r\n\t\t\t\t\t\t\t\t\t<time class=\"eut-post-date\" datetime=\"2024-04-05T18:13:26+00:00\">abril 5, 2024<\/time>\r\n\t\t\t\t\t\t\t\t\t\t\t\t\t\t\t<\/div>\r\n\t\t\t\t\t\t\t<div itemprop=\"articleBody\"><p>Las recientes normas de la IGJ introducen cambios significativos para las entidades comerciales supervisadas por este organismo en la Ciudad de Buenos Aires. Detallamos los puntos clave de estas modificaciones.<\/p>\n<a class=\"eut-read-more\" href=\"https:\/\/www.estudiotrevisan.com\/sitio\/es-ar\/derecho-societario-cambios-en-el-marco-normativo\/\"><span>leer m\u00e1s<\/span><\/a><\/div>\t\t\t\t\t\t<\/div>\r\n\t\t\t\t\t\r\n\t\t\t\t<\/div>\t\t\t<\/article>\r\n\r\n\t\t\t<article id=\"post-1929\" class=\"eut-blog-item eut-isotope-item post-1929 post type-post status-publish format-standard hentry category-derecho-de-la-salud tag-dnu-70 tag-genericos tag-responsabilidad-extracontractual\" itemscope itemType=\"http:\/\/schema.org\/BlogPosting\">\r\n\t\t\t\t<div class=\"eut-isotope-item-inner eut-fadeInUp\">\t\t\t\t\t\t\t<span class=\"eut-hidden\">\n\t\t\t<span class=\"eut-structured-data entry-title\">DNU 70\/2023 &#8211; Nuevo R\u00e9gimen de Prescripci\u00f3n de Medicamentos<\/span>\n\t\t\t<span class=\"eut-structured-data\" itemprop=\"image\" itemscope itemtype=\"http:\/\/schema.org\/ImageObject\">\n\t\t\t   <span itemprop='url' >https:\/\/www.estudiotrevisan.com\/sitio\/wp-content\/themes\/engic\/engic\/images\/empty\/thumbnail.jpg<\/span>\n\t\t\t   <span itemprop='height' >150<\/span>\n\t\t\t   <span itemprop='width' >150<\/span>\n\t\t\t<\/span>\n\t\t\t\t\t\t<span class=\"eut-structured-data vcard author\" itemprop=\"author\" itemscope itemtype=\"http:\/\/schema.org\/Person\">\n\t\t\t\t<span itemprop=\"name\" class=\"fn\">Laura Lbierzychudek<\/span>\n\t\t\t<\/span>\n\t\t\t<span class=\"eut-structured-data\" itemprop=\"publisher\" itemscope itemtype=\"http:\/\/schema.org\/Organization\">\n\t\t\t\t<span itemprop='name'>Laura Lbierzychudek<\/span>\n\t\t\t\t<span itemprop='logo' itemscope itemtype='http:\/\/schema.org\/ImageObject'>\n\t\t\t\t\t<span itemprop='url'>https:\/\/secure.gravatar.com\/avatar\/62fa87d53718e21a390e471e96a76f3f81ec4b1aaed417d1b802c273f8cb2788?s=96&#038;d=mm&#038;r=g<\/span>\n\t\t\t\t<\/span>\n\t\t\t<\/span>\n\t\t\t\t\t\t<time class=\"eut-structured-data date published\" itemprop=\"datePublished\" datetime=\"2024-03-01T15:38:48+00:00\">marzo 1, 2024<\/time>\n\t\t\t<time class=\"eut-structured-data date updated\" itemprop=\"dateModified\"  datetime=\"2024-03-01T15:38:48+00:00\">marzo 1, 2024<\/time>\n\t\t\t<span class=\"eut-structured-data\" itemprop=\"mainEntityOfPage\" itemscope itemtype=\"http:\/\/schema.org\/WebPage\" itemid=\"https:\/\/www.estudiotrevisan.com\/sitio\/derecho-de-la-salud\/dnu-702023-nuevo-regimen-prescripcion-de-medicamentos\/\"><\/span>\n\t\t<\/span>\n\t\t\t\t\t\t\r\n\t\t\t\t\t\t\t\t\t\t\t<div class=\"eut-post-content\">\r\n\t\t\t\t\t\t\t<a href=\"https:\/\/www.estudiotrevisan.com\/sitio\/derecho-de-la-salud\/dnu-702023-nuevo-regimen-prescripcion-de-medicamentos\/\" rel=\"bookmark\"><h4 class=\"eut-post-title\" itemprop=\"headline\"><span>DNU 70\/2023 &#8211; Nuevo R\u00e9gimen de Prescripci\u00f3n de Medicamentos<\/span><\/h4><\/a>\t\t\t\t\t\t\t<div class=\"eut-small-text eut-post-meta\">\r\n\t\t\t\t\t\t\t\t\t\t<div class=\"eut-post-author eut-color-text eut-color-hover-heading\">\r\n\t\t\t<span><a href=\"https:\/\/www.estudiotrevisan.com\/sitio\/author\/laura\/\" title=\"Entradas de Laura Lbierzychudek\" rel=\"author\">Laura Lbierzychudek<\/a><\/span>\r\n\t\t<\/div>\r\n\t\t\t\t\t\t\t\t\t<time class=\"eut-post-date\" datetime=\"2024-03-01T15:38:48+00:00\">marzo 1, 2024<\/time>\r\n\t\t\t\t\t\t\t\t\t\t\t\t\t\t\t<\/div>\r\n\t\t\t\t\t\t\t<div itemprop=\"articleBody\"><p>El DNU 70\/2023 produjo modificaciones de alto impacto en el \u00e1mbito de la salud. Aqu\u00ed brindamos apreciaciones sobre los cambios operados al r\u00e9gimen de prescripci\u00f3n de medicamentos por su nombre gen\u00e9rico.<\/p>\n<a class=\"eut-read-more\" href=\"https:\/\/www.estudiotrevisan.com\/sitio\/derecho-de-la-salud\/dnu-702023-nuevo-regimen-prescripcion-de-medicamentos\/\"><span>leer m\u00e1s<\/span><\/a><\/div>\t\t\t\t\t\t<\/div>\r\n\t\t\t\t\t\r\n\t\t\t\t<\/div>\t\t\t<\/article>\r\n\r\n\t\t\t<\/div>\r\n\t\t<\/div>\r\n[\/vc_column][\/vc_row][vc_row bg_type=\u00bbcolor\u00bb bg_color=\u00bb#979797&#8243; padding_top=\u00bb50&#8243; padding_bottom=\u00bb50&#8243; margin_bottom=\u00bb0&#8243;][vc_column css=\u00bb.vc_custom_1770661397966{background-position: center !important;background-repeat: no-repeat !important;background-size: cover !important;}\u00bb]<div class=\"eut-element eut-callout contacto-home eut-btn-right\" style=\"\">  <div class=\"eut-callout-wrapper\"><h3 class=\"eut-callout-content\">Conocemos el Derecho<\/h3>    <p class=\"\">Cubrimos las m\u00e1s diversas \u00e1reas del Derecho, con especial hincapi\u00e9 en las ramas relacionadas con el derecho empresario y las cuestiones litigiosas complejas.<\/p>  <\/div>  <div class=\"eut-button-wrapper\"><a class=\"eut-btn eut-btn-medium eut-square eut-bg-primary-1\" href=\"https:\/\/www.estudiotrevisan.com\/sitio\/contacto\/\" target=\"_self\" style=\"\"><span>Cont\u00e1ctenos<\/span><\/a>  <\/div><\/div>[\/vc_column][\/vc_row]<\/p>\n<\/section>","protected":false},"excerpt":{"rendered":"<p>[vc_row bg_type=\u00bbcolor\u00bb header_feature=\u00bbyes\u00bb padding_top=\u00bb120&#8243; padding_bottom=\u00bb120&#8243; margin_bottom=\u00bb0&#8243; bg_color=\u00bb#f7f7f7&#8243;][vc_column][vc_empty_space height=\u00bb50&#8243;][\/vc_column][vc_column css=\u00bb.vc_custom_1770401211354{background-color: #ffffff !important;}\u00bb][vc_empty_space height=\u00bb40&#8243;][\/vc_column][vc_column css=\u00bb.vc_custom_1770401559376{background-color: #ffffff !important;}\u00bb][vc_empty_space height=\u00bb40px\u00bb][vc_row_inner][vc_column_inner width=\u00bb1\/4&#8243;][caw_interacive_banner style=\u00bb2&#8243; heading=\u00bbServicios legales integrales en derecho corporativo, financiero y administrativo\u00bb image_id=\u00bb2845&#8243; heading_font_size=\u00bb16px\u00bb][\/caw_interacive_banner][\/vc_column_inner][vc_column_inner width=\u00bb1\/4&#8243;][caw_interacive_banner style=\u00bb2&#8243; heading=\u00bbAsesoramiento en competencia, regulaci\u00f3n y procesos judiciales\u00bb image_id=\u00bb2846&#8243; heading_font_size=\u00bb16px\u00bb][\/caw_interacive_banner][\/vc_column_inner][vc_column_inner width=\u00bb1\/4&#8243;][caw_interacive_banner style=\u00bb2&#8243; heading=\u00bbLitigios y resoluci\u00f3n de conflictos civiles y laborales\u00bb image_id=\u00bb2847&#8243; heading_font_size=\u00bb16px\u00bb][\/caw_interacive_banner][\/vc_column_inner][vc_column_inner width=\u00bb1\/4&#8243;][caw_interacive_banner style=\u00bb2&#8243; heading=\u00bbServicios [&hellip;]<\/p>\n","protected":false},"author":1,"featured_media":0,"parent":0,"menu_order":0,"comment_status":"closed","ping_status":"closed","template":"","meta":{"footnotes":""},"class_list":["post-2286","page","type-page","status-publish","hentry"],"_links":{"self":[{"href":"https:\/\/www.estudiotrevisan.com\/sitio\/wp-json\/wp\/v2\/pages\/2286","targetHints":{"allow":["GET"]}}],"collection":[{"href":"https:\/\/www.estudiotrevisan.com\/sitio\/wp-json\/wp\/v2\/pages"}],"about":[{"href":"https:\/\/www.estudiotrevisan.com\/sitio\/wp-json\/wp\/v2\/types\/page"}],"author":[{"embeddable":true,"href":"https:\/\/www.estudiotrevisan.com\/sitio\/wp-json\/wp\/v2\/users\/1"}],"replies":[{"embeddable":true,"href":"https:\/\/www.estudiotrevisan.com\/sitio\/wp-json\/wp\/v2\/comments?post=2286"}],"version-history":[{"count":66,"href":"https:\/\/www.estudiotrevisan.com\/sitio\/wp-json\/wp\/v2\/pages\/2286\/revisions"}],"predecessor-version":[{"id":2855,"href":"https:\/\/www.estudiotrevisan.com\/sitio\/wp-json\/wp\/v2\/pages\/2286\/revisions\/2855"}],"wp:attachment":[{"href":"https:\/\/www.estudiotrevisan.com\/sitio\/wp-json\/wp\/v2\/media?parent=2286"}],"curies":[{"name":"wp","href":"https:\/\/api.w.org\/{rel}","templated":true}]}}