{"id":335,"date":"2015-11-25T18:24:34","date_gmt":"2015-11-25T18:24:34","guid":{"rendered":"http:\/\/www.estudiotrevisan.com\/sitio\/services-2\/"},"modified":"2026-04-17T11:39:07","modified_gmt":"2026-04-17T11:39:07","slug":"areas-de-practica","status":"publish","type":"page","link":"https:\/\/www.estudiotrevisan.com\/sitio\/areas-de-practica\/","title":{"rendered":"\u00c1reas de Pr\u00e1ctica"},"content":{"rendered":"<section class=\"wpb-content-wrapper\"><p>[vc_row bg_type=\u00bbcolor\u00bb header_feature=\u00bbyes\u00bb bg_color=\u00bb#f7f7f7&#8243; padding_top=\u00bb80&#8243; padding_bottom=\u00bb0&#8243; margin_bottom=\u00bb0&#8243;][vc_column]<h3 class=\"eut-element eut-align-center eut-title-no-line\" style=\"\"><span>Nuestras \u00c1reas de Especializaci\u00f3n<\/span><\/h3>[\/vc_column][\/vc_row][vc_row bg_type=\u00bbcolor\u00bb bg_color=\u00bb#f7f7f7&#8243; padding_top=\u00bb60&#8243; margin_bottom=\u00bb0&#8243;][vc_column width=\u00bb1\/2&#8243; css=\u00bb.vc_custom_1770834090887{border-radius: 5px !important;}\u00bb]<h4 class=\"eut-element eut-align-left eut-title-line\" style=\"\"><span>Derecho Empresarial &amp; Corporativo<\/span><\/h4>[vc_tta_accordion title_tag=\u00bbp\u00bb section_title_tag=\u00bbp\u00bb active_section=\u00bb5688&#8243; collapsible_all=\u00bbtrue\u00bb el_class=\u00bbareas\u00bb][vc_tta_section title=\u00bbDerecho Comercial \u2013 Asesoramiento Integral a Empresas\u00bb tab_id=\u00bb1770831961765-1ec8515a-737c\u00bb]<div class=\"eut-element eut-list eut-list-angle-right \" style=\"\"><ul>\n<li>Contratos Comerciales en General<\/li>\n<li>Contratos de Distribuci\u00f3n, Licencia, Compraventa<\/li>\n<li>Leasing<\/li>\n<li>Comercio Internacional<\/li>\n<\/ul>\n<\/div>[\/vc_tta_section][vc_tta_section title=\u00bbDerecho Societario, Inversiones Extranjeras, Fusiones y Adquisiciones\u00bb tab_id=\u00bb1770831961773-49ad0a3b-943c\u00bb]<div class=\"eut-element eut-list eut-list-angle-right \" style=\"\"><ul>\n<li>Asesoramiento integral y seguimiento en inscripciones y registros societarios<\/li>\n<li>Procedimiento ante la Inspecci\u00f3n General de Justicia<\/li>\n<li>Inversiones Extranjeras<\/li>\n<li>Constituci\u00f3n de Sociedades<\/li>\n<li>Convenios de Accionistas<\/li>\n<li>Reorganizaciones Societarias, Due Diligence<\/li>\n<li>Joint Venture<\/li>\n<li>Contratos de Colaboraci\u00f3n<\/li>\n<li>Uni\u00f3n Transitoria de Empresas<\/li>\n<li>Fusiones y Adquisiciones<\/li>\n<li>Representaci\u00f3n de Sociedades<\/li>\n<li>Resoluci\u00f3n de Conflictos Societarios<\/li>\n<li>Responsabilidad de Directores y dem\u00e1s funcionarios societarios<\/li>\n<li>Aspectos judiciales y extrajudiciales<\/li>\n<\/ul>\n<\/div>[\/vc_tta_section][vc_tta_section title=\u00bbDefensa de la Competencia\u00bb tab_id=\u00bb1770832033511-0d70fa37-a056&#8243;]<div class=\"eut-element eut-list eut-list-angle-right \" style=\"\"><ul>\n<li>Asesoramiento integral en Defensa de la Competencia<\/li>\n<li>Conductas anticompetitivas; Concentraciones<\/li>\n<li>Marco Regulatorio<\/li>\n<li>Comisi\u00f3n Nacional de Defensa de la Competencia<\/li>\n<li>Aspectos Judiciales<\/li>\n<li>Colaboraci\u00f3n con Estudios Jur\u00eddicos de Europa y EE.UU.<\/li>\n<\/ul>\n<\/div>[\/vc_tta_section][vc_tta_section title=\u00bbMercado de Capitales\u00bb tab_id=\u00bb1770832046090-45a824df-75ca\u00bb]<div class=\"eut-element eut-list eut-list-angle-right \" style=\"\"><ul>\n<li>R\u00e9gimen de oferta p\u00fablica y cotizaci\u00f3n de acciones y t\u00edtulos de deuda<\/li>\n<li>Marco regulatorio<\/li>\n<li>Securitizaciones<\/li>\n<li>Fideicomiso Financiero<\/li>\n<li>Fondos Comunes de Inversi\u00f3n<\/li>\n<li>Marco Regulatorio<\/li>\n<li>Comisi\u00f3n Nacional de Valores<\/li>\n<\/ul>\n<\/div>[\/vc_tta_section][vc_tta_section title=\u00bbConcursos y Quiebras\u00bb tab_id=\u00bb1770832055530-199a112d-41a3&#8243;]<div class=\"eut-element eut-list eut-list-angle-right \" style=\"\"><ul>\n<li>Asesoramiento a Empresas y a Particulares<\/li>\n<li>Procedimientos judiciales<\/li>\n<\/ul>\n<\/div>[\/vc_tta_section][\/vc_tta_accordion][\/vc_column][vc_column width=\u00bb1\/2&#8243;]<h4 class=\"eut-element eut-align-left eut-title-line\" style=\"\"><span>Derecho Financiero &amp; Regulatorio<\/span><\/h4>[vc_tta_accordion title_tag=\u00bbp\u00bb section_title_tag=\u00bbp\u00bb active_section=\u00bb788&#8243; collapsible_all=\u00bbtrue\u00bb el_class=\u00bbareas\u00bb][vc_tta_section title=\u00bbDerecho Financiero\u00bb tab_id=\u00bb1770832301713&#8243;]<div class=\"eut-element eut-list eut-list-angle-right \" style=\"\"><ul>\n<li>Pr\u00e9stamos<\/li>\n<li>Leasing<\/li>\n<li>Financiaci\u00f3n de proyectos<\/li>\n<li>Reestructuraci\u00f3n de deudas<\/li>\n<li>Financiamiento Inmobiliario<\/li>\n<li>Marco Regulatorio<\/li>\n<\/ul>\n<\/div>[\/vc_tta_section][vc_tta_section title=\u00bbDerecho Monetario y Bancario\u00bb tab_id=\u00bb1770832301727&#8243;]<div class=\"eut-element eut-list eut-list-angle-right \" style=\"\"><ul>\n<li>Constituci\u00f3n y asesoramiento integral de entidades financieras.<\/li>\n<li>Marco Regulatorio Bancario y Normas Aplicables del Banco Central de la Rep\u00fablica Argentina<\/li>\n<\/ul>\n<\/div>[\/vc_tta_section][vc_tta_section title=\u00bbDerecho Administrativo\u00bb tab_id=\u00bb1770832301744&#8243;]<div class=\"eut-element eut-list eut-list-angle-right \" style=\"\"><ul>\n<li>Contratos administrativos<\/li>\n<li>Procedimientos administrativos en sus diversas \u00e1reas<\/li>\n<\/ul>\n<\/div>[\/vc_tta_section][\/vc_tta_accordion][\/vc_column][\/vc_row][vc_row bg_type=\u00bbcolor\u00bb bg_color=\u00bb#f7f7f7&#8243; padding_top=\u00bb30&#8243; padding_bottom=\u00bb30&#8243;][vc_column width=\u00bb1\/2&#8243;]<h4 class=\"eut-element eut-align-left eut-title-line\" style=\"\"><span>Tecnolog\u00eda, Telecomunicaciones &amp; Energ\u00eda<\/span><\/h4>[vc_tta_accordion title_tag=\u00bbp\u00bb section_title_tag=\u00bbp\u00bb active_section=\u00bb988&#8243; collapsible_all=\u00bbtrue\u00bb el_class=\u00bbareas\u00bb][vc_tta_section title=\u00bbDerecho de las Telecomunicaciones\u00bb tab_id=\u00bb1770832727&#8243;]<div class=\"eut-element eut-list eut-list-angle-right \" style=\"\"><ul>\n<li>Asesoramiento en el \u00e1rea de las telecomunicaciones<\/li>\n<li>Marco Regulatorio<\/li>\n<li>Telefon\u00eda Fija, M\u00f3vil y Satelital<\/li>\n<li>Acuerdos de Interconexi\u00f3n<\/li>\n<li>Servicio Universal<\/li>\n<li>Licencias<\/li>\n<li>Outsourcing<\/li>\n<li>Derecho de la Competencia y Telecomunicaciones<\/li>\n<li>Mercado de Capitales y Financiero<\/li>\n<li>Comisi\u00f3n Nacional de Comunicaciones<\/li>\n<\/ul>\n<\/div>[\/vc_tta_section][vc_tta_section title=\u00bbInternet y Nuevas Tecnolog\u00edas\u00bb tab_id=\u00bb17708327279444&#8243;]<div class=\"eut-element eut-list eut-list-angle-right \" style=\"\"><ul>\n<li>Proyectos y compa\u00f1\u00edas de Internet<\/li>\n<li>Comercio Electr\u00f3nico<\/li>\n<li>Outsourcing<\/li>\n<\/ul>\n<\/div>[\/vc_tta_section][vc_tta_section title=\u00bbEnerg\u00eda\u00bb tab_id=\u00bb177083272797444555&#8243;]<div class=\"eut-element eut-list eut-list-angle-right \" style=\"\"><ul>\n<li>Gas, Electricidad, Petr\u00f3leo<\/li>\n<li>Marco regulatorio<\/li>\n<li>Contratos de Transporte y Compra<\/li>\n<li>Proyectos de Distribuci\u00f3n y Transporte<\/li>\n<li>Fusiones y Adquisiciones<\/li>\n<\/ul>\n<\/div>[\/vc_tta_section][\/vc_tta_accordion][\/vc_column][vc_column width=\u00bb1\/2&#8243;]<h4 class=\"eut-element eut-align-left eut-title-line\" style=\"\"><span>Derecho Patrimonial &amp; Productivo<\/span><\/h4>[vc_tta_accordion title_tag=\u00bbp\u00bb section_title_tag=\u00bbp\u00bb active_section=\u00bb741&#8243; collapsible_all=\u00bbtrue\u00bb el_class=\u00bbareas\u00bb][vc_tta_section title=\u00bbDerecho Inmobiliario y de la Construcci\u00f3n\u00bb tab_id=\u00bb177083285344545&#8243;]<div class=\"eut-element eut-list eut-list-angle-right \" style=\"\"><ul>\n<li>Desarrollo de Proyectos Inmobiliarios<\/li>\n<li>Fideicomiso<\/li>\n<li>Contratos de Construcci\u00f3n<\/li>\n<li>Arrendamiento Inmobiliario<\/li>\n<\/ul>\n<\/div>[\/vc_tta_section][vc_tta_section title=\u00bbDerecho Agrario\u00bb tab_id=\u00bb1770832&#8243;]<div class=\"eut-element eut-list eut-list-angle-right \" style=\"\"><ul>\n<li>Asesoramiento integral a agroempresas<\/li>\n<li>Contratos de Arrendamiento Rural<\/li>\n<\/ul>\n<\/div>[\/vc_tta_section][\/vc_tta_accordion][\/vc_column][\/vc_row][vc_row bg_type=\u00bbcolor\u00bb header_feature=\u00bbyes\u00bb bg_color=\u00bb#f7f7f7&#8243; padding_top=\u00bb60&#8243; padding_bottom=\u00bb60&#8243;][vc_column]<h4 class=\"eut-element eut-align-left eut-title-line\" style=\"\"><span>Litigios &amp; Resoluci\u00f3n de Conflictos<\/span><\/h4>[vc_tta_accordion title_tag=\u00bbp\u00bb section_title_tag=\u00bbp\u00bb active_section=\u00bb522&#8243; collapsible_all=\u00bbtrue\u00bb el_class=\u00bbareas\u00bb][vc_tta_section title=\u00bbResoluci\u00f3n de Conflictos \u2013 Litigios y M\u00e9todos Alternativos\u00bb tab_id=\u00bb1776425696661-58498539-2d08&#8243;]<div class=\"eut-element eut-list eut-list-angle-right \" style=\"\"><ul>\n<li>Asesoramiento contencioso en todos los fueros y jurisdicciones<\/li>\n<li>Corresponsal\u00edas estables en el interior del pa\u00eds<\/li>\n<li>Negociaci\u00f3n, Mediaci\u00f3n, Arbitraje y otros m\u00e9todos<br \/>\nalternativos de resoluci\u00f3n de conflictos<\/li>\n<\/ul>\n<\/div>[\/vc_tta_section][vc_tta_section title=\u00bbDerecho Civil\u00bb tab_id=\u00bb1776425696677-adcffad8-9af0&#8243;]<div class=\"eut-element eut-list eut-list-angle-right \" style=\"\"><ul>\n<li>Asesoramiento sobre responsabilidad civil, obligaciones, contratos en general<\/li>\n<li>Familia y sucesiones<\/li>\n<li>Litigios judiciales<\/li>\n<li>M\u00e9todos Alternativos de Resoluci\u00f3n de Conflictos<\/li>\n<\/ul>\n<\/div>[\/vc_tta_section][vc_tta_section title=\u00bbDerecho Laboral\u00bb tab_id=\u00bb1776425696687-82df0661-5b88&#8243;]<div class=\"eut-element eut-list eut-list-angle-right \" style=\"\"><ul>\n<li>Asesoramiento en diversas industrias<\/li>\n<li>Contratos de Trabajo<\/li>\n<li>Convenios<\/li>\n<li>Extinci\u00f3n de la relaci\u00f3n laboral<\/li>\n<li>Contencioso y M\u00e9todos Alternativos de Resoluci\u00f3n de Conflictos<\/li>\n<\/ul>\n<\/div>[\/vc_tta_section][\/vc_tta_accordion][\/vc_column][\/vc_row][vc_row][vc_column]<div class=\"eut-element eut-image eut-align-center\" style=\"\"><img loading=\"lazy\" decoding=\"async\" width=\"1000\" height=\"150\" src=\"https:\/\/www.estudiotrevisan.com\/sitio\/wp-content\/uploads\/2026\/02\/marcas_trevisan.jpg\" class=\"attachment-full size-full\" alt=\"\" srcset=\"https:\/\/www.estudiotrevisan.com\/sitio\/wp-content\/uploads\/2026\/02\/marcas_trevisan.jpg 1000w, https:\/\/www.estudiotrevisan.com\/sitio\/wp-content\/uploads\/2026\/02\/marcas_trevisan-300x45.jpg 300w, https:\/\/www.estudiotrevisan.com\/sitio\/wp-content\/uploads\/2026\/02\/marcas_trevisan-768x115.jpg 768w\" sizes=\"auto, (max-width: 1000px) 100vw, 1000px\" \/><\/div>[\/vc_column][\/vc_row][vc_row bg_type=\u00bbcolor\u00bb bg_color=\u00bb#979797&#8243; padding_top=\u00bb50&#8243; padding_bottom=\u00bb50&#8243; margin_bottom=\u00bb0&#8243;][vc_column css=\u00bb.vc_custom_1770661397966{background-position: center !important;background-repeat: no-repeat !important;background-size: cover !important;}\u00bb]<div class=\"eut-element eut-callout contacto-home eut-btn-right\" style=\"\">  <div class=\"eut-callout-wrapper\"><h3 class=\"eut-callout-content\">Conocemos el Derecho<\/h3>    <p class=\"\">Cubrimos las m\u00e1s diversas \u00e1reas del Derecho, con especial hincapi\u00e9 en las ramas relacionadas con el derecho empresario y las cuestiones litigiosas complejas.<\/p>  <\/div>  <div class=\"eut-button-wrapper\"><a class=\"eut-btn eut-btn-medium eut-square eut-bg-primary-1\" href=\"https:\/\/www.estudiotrevisan.com\/sitio\/contacto\/\" target=\"_self\" style=\"\"><span>Cont\u00e1ctenos<\/span><\/a>  <\/div><\/div>[\/vc_column][\/vc_row]<\/p>\n<\/section>","protected":false},"excerpt":{"rendered":"<p>[vc_row bg_type=\u00bbcolor\u00bb header_feature=\u00bbyes\u00bb bg_color=\u00bb#f7f7f7&#8243; padding_top=\u00bb80&#8243; padding_bottom=\u00bb0&#8243; margin_bottom=\u00bb0&#8243;][vc_column][\/vc_column][\/vc_row][vc_row bg_type=\u00bbcolor\u00bb bg_color=\u00bb#f7f7f7&#8243; padding_top=\u00bb60&#8243; margin_bottom=\u00bb0&#8243;][vc_column width=\u00bb1\/2&#8243; css=\u00bb.vc_custom_1770834090887{border-radius: 5px !important;}\u00bb][vc_tta_accordion title_tag=\u00bbp\u00bb section_title_tag=\u00bbp\u00bb active_section=\u00bb5688&#8243; collapsible_all=\u00bbtrue\u00bb el_class=\u00bbareas\u00bb][vc_tta_section title=\u00bbDerecho Comercial \u2013 Asesoramiento Integral a Empresas\u00bb tab_id=\u00bb1770831961765-1ec8515a-737c\u00bb][\/vc_tta_section][vc_tta_section title=\u00bbDerecho Societario, Inversiones Extranjeras, Fusiones y Adquisiciones\u00bb tab_id=\u00bb1770831961773-49ad0a3b-943c\u00bb][\/vc_tta_section][vc_tta_section title=\u00bbDefensa de la Competencia\u00bb tab_id=\u00bb1770832033511-0d70fa37-a056&#8243;][\/vc_tta_section][vc_tta_section title=\u00bbMercado de Capitales\u00bb tab_id=\u00bb1770832046090-45a824df-75ca\u00bb][\/vc_tta_section][vc_tta_section title=\u00bbConcursos y Quiebras\u00bb tab_id=\u00bb1770832055530-199a112d-41a3&#8243;][\/vc_tta_section][\/vc_tta_accordion][\/vc_column][vc_column width=\u00bb1\/2&#8243;][vc_tta_accordion title_tag=\u00bbp\u00bb section_title_tag=\u00bbp\u00bb active_section=\u00bb788&#8243; collapsible_all=\u00bbtrue\u00bb el_class=\u00bbareas\u00bb][vc_tta_section [&hellip;]<\/p>\n","protected":false},"author":1,"featured_media":0,"parent":0,"menu_order":0,"comment_status":"closed","ping_status":"closed","template":"","meta":{"footnotes":""},"class_list":["post-335","page","type-page","status-publish","hentry"],"_links":{"self":[{"href":"https:\/\/www.estudiotrevisan.com\/sitio\/wp-json\/wp\/v2\/pages\/335","targetHints":{"allow":["GET"]}}],"collection":[{"href":"https:\/\/www.estudiotrevisan.com\/sitio\/wp-json\/wp\/v2\/pages"}],"about":[{"href":"https:\/\/www.estudiotrevisan.com\/sitio\/wp-json\/wp\/v2\/types\/page"}],"author":[{"embeddable":true,"href":"https:\/\/www.estudiotrevisan.com\/sitio\/wp-json\/wp\/v2\/users\/1"}],"replies":[{"embeddable":true,"href":"https:\/\/www.estudiotrevisan.com\/sitio\/wp-json\/wp\/v2\/comments?post=335"}],"version-history":[{"count":44,"href":"https:\/\/www.estudiotrevisan.com\/sitio\/wp-json\/wp\/v2\/pages\/335\/revisions"}],"predecessor-version":[{"id":2878,"href":"https:\/\/www.estudiotrevisan.com\/sitio\/wp-json\/wp\/v2\/pages\/335\/revisions\/2878"}],"wp:attachment":[{"href":"https:\/\/www.estudiotrevisan.com\/sitio\/wp-json\/wp\/v2\/media?parent=335"}],"curies":[{"name":"wp","href":"https:\/\/api.w.org\/{rel}","templated":true}]}}